{"id":38,"date":"2022-11-12T07:05:48","date_gmt":"2022-11-12T07:05:48","guid":{"rendered":"https:\/\/seinesaintdenis.fr\/actualite\/?page_id=38"},"modified":"2023-05-05T15:23:45","modified_gmt":"2023-05-05T15:23:45","slug":"mentions-legales","status":"publish","type":"page","link":"https:\/\/seinesaintdenis.fr\/actualite\/mentions-legales\/","title":{"rendered":"Mentions l\u00e9gales"},"content":{"rendered":"<p>Le site d\u2019actualit\u00e9 est une r\u00e9alisation du Conseil d\u00e9partemental de la Seine-Saint-Denis pilot\u00e9e par la Direction de la Communication.<\/p>\n<p><strong>Directeur de la publication<\/strong><br \/>\nSt\u00e9phane Troussel, Pr\u00e9sident du Conseil d\u00e9partemental de la Seine-Saint-Denis<\/p>\n<p><strong>Directeur et directrice de la r\u00e9daction<\/strong><br \/>\nOlivier Cessot, Directeur de la communication<br \/>\nSt\u00e9phanie Martin-Szelerski , Directrice adjointe de la communication<\/p>\n<p><strong>R\u00e9daction en chef du site<\/strong><br \/>\nMarjorie Faucompr\u00e9 \/ Pascal Emond<\/p>\n<p><strong>Responsable du p\u00f4le production digitale<\/strong><br \/>\nSamuel Godo<\/p>\n<p><strong>Webmastering, iconographie &amp; Community management<\/strong><br \/>\nAmira Rouabhi<br \/>\nAxelle Perrot<br \/>\nHouda Elmir<br \/>\nCl\u00e9ment Job<\/p>\n<p><strong>Chefs de projets web et d\u00e9veloppements<\/strong><br \/>\nSamuel Godo et Damien Simsen<\/p>\n<p><strong>Conception et cr\u00e9ation<\/strong><br \/>\nLa Suite and Co et Direction de la communication<\/p>\n<p><strong>Cr\u00e9dits photographiques<\/strong><br \/>\nNicolas Moulard, Bruno Levy, Franck Rondot, \u00c9ric Garault, Patricia Lecomte, Jean-Louis Bellurget, J\u00e9r\u00e9mi Piot, Sophie Loubaton.<br \/>\n\u00a9Paris 2024 &#8211; Populous &#8211; Lexigon<\/p>\n<p><strong>Journalistes<\/strong><br \/>\nChristophe Lehousse, Isabelle Lopez, Georges Makowski, Carine Arassus, Amira Rouabhi, Fr\u00e9d\u00e9ric Haxo, Gr\u00e9goire Remund, Elsa Dupr\u00e9, St\u00e9phanie Coye, Sophie Greuil, Fred Lombard, Sandrine Bordet.<\/p>\n<p><strong>Journalistes vid\u00e9o<\/strong><br \/>\nB\u00e9r\u00e9nice Laroche-Gilquin, Nicolas Leh\u00e9riss\u00e9, R\u00e9my Decoster<\/p>\n<p><strong>Cr\u00e9dits vid\u00e9os<\/strong><br \/>\n\u00c9quipe vid\u00e9o du Conseil d\u00e9partemental de la Seine-Saint-Denis :<br \/>\nFr\u00e9d\u00e9ric Chaffanjon, Suleyman A\u00e7ikgoz<\/p>\n<p>Ce site utilise l\u2019outil d\u2019analyse de trafic Matomo.<\/p>\n<p><strong>Protection des Donn\u00e9es (RGPD)<\/strong><\/p>\n<p>En application du R\u00e8glement G\u00e9n\u00e9ral sur la Protection des Donn\u00e9es (RGPD) n\u00b02016\/679 du 27 avril 2016 et de la Loi n\u00b0 78-17 du 6 janvier 1978 relative \u00e0 l\u2019informatique, aux fichiers et aux libert\u00e9s, toutes les questions relatives aux donn\u00e9es \u00e0 caract\u00e8re personnel vous concernant notamment les demandes d\u2019exercice du droit d\u2019acc\u00e8s, rectification, opposition et suppression peuvent \u00eatre formul\u00e9es :<\/p>\n<p><strong>&#8211; soit par \u00e9crit :<\/strong> Le demandeur adresse un courrier sign\u00e9 accompagn\u00e9 de la copie d\u2019un titre d\u2019identit\u00e9 \u00e0 l\u2019adresse suivante :<br \/>\nD\u00e9partement Seine Saint-Denis<br \/>\nA l\u2019attention du D\u00e9l\u00e9gu\u00e9 \u00e0 la Protection des Donn\u00e9es<br \/>\nDINSI<br \/>\nBP 193<br \/>\n93006 BOBIGNY CEDEX<\/p>\n<p><strong>&#8211; soit par courriel<\/strong> accompagn\u00e9 d\u2019une copie d\u2019un titre d\u2019identit\u00e9 \u00e0 <a href=\"mailto:dpo@seinesaintdenis.fr\">dpo@seinesaintdenis.fr<\/a><br \/>\nDepuis l\u2019entr\u00e9e en vigueur du R\u00e8glement Europ\u00e9en sur la Protection des donn\u00e9es (R\u00c8GLEMENT (UE) 2016\/679) le 25 mai 2018, tout usager a le droit d\u2019introduire une r\u00e9clamation aupr\u00e8s d\u2019une autorit\u00e9 de contr\u00f4le (En France : CNIL &#8211; 3 Place de Fontenoy &#8211; TSA 80715 &#8211; 75334 PARIS CEDEX 07 &#8211; www.cnil.fr)<\/p>\n","protected":false},"excerpt":{"rendered":"Le site d\u2019actualit\u00e9 est une r\u00e9alisation du Conseil d\u00e9partemental de la Seine-Saint-Denis pilot\u00e9e par la Direction de la Communication. Directeur de la publication St\u00e9phane Troussel, Pr\u00e9sident du Conseil d\u00e9partemental de la Seine-Saint-Denis Directeur et directrice de la r\u00e9daction Olivier Cessot, Directeur de la communication St\u00e9phanie Martin-Szelerski , Directrice adjointe de la communication R\u00e9daction en chef&#8230; <a class=\"view-article\" href=\"https:\/\/seinesaintdenis.fr\/actualite\/mentions-legales\/\">Voir l&rsquo;article<\/a>","protected":false},"author":1,"featured_media":0,"parent":0,"menu_order":0,"comment_status":"closed","ping_status":"closed","template":"","meta":{"_acf_changed":false,"footnotes":""},"class_list":["post-38","page","type-page","status-publish","hentry"],"acf":[],"yoast_head":"<!-- This site is optimized with the Yoast SEO plugin v27.4 - https:\/\/yoast.com\/product\/yoast-seo-wordpress\/ -->\n<title>Mentions l\u00e9gales - Seine-Saint-Denis - L&#039;actualit\u00e9 du d\u00e9partement<\/title>\n<meta name=\"robots\" content=\"index, follow, max-snippet:-1, max-image-preview:large, max-video-preview:-1\" \/>\n<link rel=\"canonical\" href=\"https:\/\/seinesaintdenis.fr\/actualite\/mentions-legales\/\" \/>\n<meta property=\"og:locale\" content=\"fr_FR\" \/>\n<meta property=\"og:type\" content=\"article\" \/>\n<meta property=\"og:title\" content=\"Mentions l\u00e9gales - Seine-Saint-Denis - L&#039;actualit\u00e9 du d\u00e9partement\" \/>\n<meta property=\"og:description\" content=\"Le site d\u2019actualit\u00e9 est une r\u00e9alisation du Conseil d\u00e9partemental de la Seine-Saint-Denis pilot\u00e9e par la Direction de la Communication. Directeur de la publication St\u00e9phane Troussel, Pr\u00e9sident du Conseil d\u00e9partemental de la Seine-Saint-Denis Directeur et directrice de la r\u00e9daction Olivier Cessot, Directeur de la communication St\u00e9phanie Martin-Szelerski , Directrice adjointe de la communication R\u00e9daction en chef... Voir l&#039;article\" \/>\n<meta property=\"og:url\" content=\"https:\/\/seinesaintdenis.fr\/actualite\/mentions-legales\/\" \/>\n<meta property=\"og:site_name\" content=\"Seine-Saint-Denis - L&#039;actualit\u00e9 du d\u00e9partement\" \/>\n<meta property=\"article:publisher\" content=\"https:\/\/www.facebook.com\/seinesaintdenisledepartement\" \/>\n<meta property=\"article:modified_time\" content=\"2023-05-05T15:23:45+00:00\" \/>\n<meta name=\"twitter:card\" content=\"summary_large_image\" \/>\n<meta name=\"twitter:site\" content=\"@seinesaintdenis\" \/>\n<meta name=\"twitter:label1\" content=\"Dur\u00e9e de lecture estim\u00e9e\" \/>\n\t<meta name=\"twitter:data1\" content=\"2 minutes\" \/>\n<script type=\"application\/ld+json\" class=\"yoast-schema-graph\">{\"@context\":\"https:\\\/\\\/schema.org\",\"@graph\":[{\"@type\":\"WebPage\",\"@id\":\"https:\\\/\\\/seinesaintdenis.fr\\\/actualite\\\/mentions-legales\\\/\",\"url\":\"https:\\\/\\\/seinesaintdenis.fr\\\/actualite\\\/mentions-legales\\\/\",\"name\":\"Mentions l\u00e9gales - Seine-Saint-Denis - L&#039;actualit\u00e9 du d\u00e9partement\",\"isPartOf\":{\"@id\":\"https:\\\/\\\/seinesaintdenis.fr\\\/actualite\\\/#website\"},\"datePublished\":\"2022-11-12T07:05:48+00:00\",\"dateModified\":\"2023-05-05T15:23:45+00:00\",\"breadcrumb\":{\"@id\":\"https:\\\/\\\/seinesaintdenis.fr\\\/actualite\\\/mentions-legales\\\/#breadcrumb\"},\"inLanguage\":\"fr-FR\",\"potentialAction\":[{\"@type\":\"ReadAction\",\"target\":[\"https:\\\/\\\/seinesaintdenis.fr\\\/actualite\\\/mentions-legales\\\/\"]}]},{\"@type\":\"BreadcrumbList\",\"@id\":\"https:\\\/\\\/seinesaintdenis.fr\\\/actualite\\\/mentions-legales\\\/#breadcrumb\",\"itemListElement\":[{\"@type\":\"ListItem\",\"position\":1,\"name\":\"Accueil\",\"item\":\"https:\\\/\\\/seinesaintdenis.fr\\\/actualite\\\/\"},{\"@type\":\"ListItem\",\"position\":2,\"name\":\"Mentions l\u00e9gales\"}]},{\"@type\":\"WebSite\",\"@id\":\"https:\\\/\\\/seinesaintdenis.fr\\\/actualite\\\/#website\",\"url\":\"https:\\\/\\\/seinesaintdenis.fr\\\/actualite\\\/\",\"name\":\"Seine-Saint-Denis - L'actualit\u00e9 du d\u00e9partement\",\"description\":\"L&#039;actualit\u00e9 du D\u00e9partement de la Seine-Saint-Denis\",\"publisher\":{\"@id\":\"https:\\\/\\\/seinesaintdenis.fr\\\/actualite\\\/#organization\"},\"potentialAction\":[{\"@type\":\"SearchAction\",\"target\":{\"@type\":\"EntryPoint\",\"urlTemplate\":\"https:\\\/\\\/seinesaintdenis.fr\\\/actualite\\\/?s={search_term_string}\"},\"query-input\":{\"@type\":\"PropertyValueSpecification\",\"valueRequired\":true,\"valueName\":\"search_term_string\"}}],\"inLanguage\":\"fr-FR\"},{\"@type\":\"Organization\",\"@id\":\"https:\\\/\\\/seinesaintdenis.fr\\\/actualite\\\/#organization\",\"name\":\"Seine-Saint-Denis - Le D\u00e9partement\",\"url\":\"https:\\\/\\\/seinesaintdenis.fr\\\/actualite\\\/\",\"logo\":{\"@type\":\"ImageObject\",\"inLanguage\":\"fr-FR\",\"@id\":\"https:\\\/\\\/seinesaintdenis.fr\\\/actualite\\\/#\\\/schema\\\/logo\\\/image\\\/\",\"url\":\"https:\\\/\\\/seinesaintdenis.fr\\\/actualite\\\/wp-content\\\/uploads\\\/2024\\\/08\\\/logo.png\",\"contentUrl\":\"https:\\\/\\\/seinesaintdenis.fr\\\/actualite\\\/wp-content\\\/uploads\\\/2024\\\/08\\\/logo.png\",\"width\":567,\"height\":172,\"caption\":\"Seine-Saint-Denis - Le D\u00e9partement\"},\"image\":{\"@id\":\"https:\\\/\\\/seinesaintdenis.fr\\\/actualite\\\/#\\\/schema\\\/logo\\\/image\\\/\"},\"sameAs\":[\"https:\\\/\\\/www.facebook.com\\\/seinesaintdenisledepartement\",\"https:\\\/\\\/x.com\\\/seinesaintdenis\",\"https:\\\/\\\/www.linkedin.com\\\/company\\\/seinesaintdenis\",\"https:\\\/\\\/www.instagram.com\\\/seine_saint_denis\\\/\",\"https:\\\/\\\/www.youtube.com\\\/channel\\\/UCR5YF9NnqiLCbnrKQgLUcIw\"]}]}<\/script>\n<!-- \/ Yoast SEO plugin. -->","yoast_head_json":{"title":"Mentions l\u00e9gales - Seine-Saint-Denis - L&#039;actualit\u00e9 du d\u00e9partement","robots":{"index":"index","follow":"follow","max-snippet":"max-snippet:-1","max-image-preview":"max-image-preview:large","max-video-preview":"max-video-preview:-1"},"canonical":"https:\/\/seinesaintdenis.fr\/actualite\/mentions-legales\/","og_locale":"fr_FR","og_type":"article","og_title":"Mentions l\u00e9gales - Seine-Saint-Denis - L&#039;actualit\u00e9 du d\u00e9partement","og_description":"Le site d\u2019actualit\u00e9 est une r\u00e9alisation du Conseil d\u00e9partemental de la Seine-Saint-Denis pilot\u00e9e par la Direction de la Communication. Directeur de la publication St\u00e9phane Troussel, Pr\u00e9sident du Conseil d\u00e9partemental de la Seine-Saint-Denis Directeur et directrice de la r\u00e9daction Olivier Cessot, Directeur de la communication St\u00e9phanie Martin-Szelerski , Directrice adjointe de la communication R\u00e9daction en chef... Voir l'article","og_url":"https:\/\/seinesaintdenis.fr\/actualite\/mentions-legales\/","og_site_name":"Seine-Saint-Denis - L&#039;actualit\u00e9 du d\u00e9partement","article_publisher":"https:\/\/www.facebook.com\/seinesaintdenisledepartement","article_modified_time":"2023-05-05T15:23:45+00:00","twitter_card":"summary_large_image","twitter_site":"@seinesaintdenis","twitter_misc":{"Dur\u00e9e de lecture estim\u00e9e":"2 minutes"},"schema":{"@context":"https:\/\/schema.org","@graph":[{"@type":"WebPage","@id":"https:\/\/seinesaintdenis.fr\/actualite\/mentions-legales\/","url":"https:\/\/seinesaintdenis.fr\/actualite\/mentions-legales\/","name":"Mentions l\u00e9gales - Seine-Saint-Denis - L&#039;actualit\u00e9 du d\u00e9partement","isPartOf":{"@id":"https:\/\/seinesaintdenis.fr\/actualite\/#website"},"datePublished":"2022-11-12T07:05:48+00:00","dateModified":"2023-05-05T15:23:45+00:00","breadcrumb":{"@id":"https:\/\/seinesaintdenis.fr\/actualite\/mentions-legales\/#breadcrumb"},"inLanguage":"fr-FR","potentialAction":[{"@type":"ReadAction","target":["https:\/\/seinesaintdenis.fr\/actualite\/mentions-legales\/"]}]},{"@type":"BreadcrumbList","@id":"https:\/\/seinesaintdenis.fr\/actualite\/mentions-legales\/#breadcrumb","itemListElement":[{"@type":"ListItem","position":1,"name":"Accueil","item":"https:\/\/seinesaintdenis.fr\/actualite\/"},{"@type":"ListItem","position":2,"name":"Mentions l\u00e9gales"}]},{"@type":"WebSite","@id":"https:\/\/seinesaintdenis.fr\/actualite\/#website","url":"https:\/\/seinesaintdenis.fr\/actualite\/","name":"Seine-Saint-Denis - L'actualit\u00e9 du d\u00e9partement","description":"L&#039;actualit\u00e9 du D\u00e9partement de la Seine-Saint-Denis","publisher":{"@id":"https:\/\/seinesaintdenis.fr\/actualite\/#organization"},"potentialAction":[{"@type":"SearchAction","target":{"@type":"EntryPoint","urlTemplate":"https:\/\/seinesaintdenis.fr\/actualite\/?s={search_term_string}"},"query-input":{"@type":"PropertyValueSpecification","valueRequired":true,"valueName":"search_term_string"}}],"inLanguage":"fr-FR"},{"@type":"Organization","@id":"https:\/\/seinesaintdenis.fr\/actualite\/#organization","name":"Seine-Saint-Denis - Le D\u00e9partement","url":"https:\/\/seinesaintdenis.fr\/actualite\/","logo":{"@type":"ImageObject","inLanguage":"fr-FR","@id":"https:\/\/seinesaintdenis.fr\/actualite\/#\/schema\/logo\/image\/","url":"https:\/\/seinesaintdenis.fr\/actualite\/wp-content\/uploads\/2024\/08\/logo.png","contentUrl":"https:\/\/seinesaintdenis.fr\/actualite\/wp-content\/uploads\/2024\/08\/logo.png","width":567,"height":172,"caption":"Seine-Saint-Denis - Le D\u00e9partement"},"image":{"@id":"https:\/\/seinesaintdenis.fr\/actualite\/#\/schema\/logo\/image\/"},"sameAs":["https:\/\/www.facebook.com\/seinesaintdenisledepartement","https:\/\/x.com\/seinesaintdenis","https:\/\/www.linkedin.com\/company\/seinesaintdenis","https:\/\/www.instagram.com\/seine_saint_denis\/","https:\/\/www.youtube.com\/channel\/UCR5YF9NnqiLCbnrKQgLUcIw"]}]}},"_links":{"self":[{"href":"https:\/\/seinesaintdenis.fr\/actualite\/wp-json\/wp\/v2\/pages\/38","targetHints":{"allow":["GET"]}}],"collection":[{"href":"https:\/\/seinesaintdenis.fr\/actualite\/wp-json\/wp\/v2\/pages"}],"about":[{"href":"https:\/\/seinesaintdenis.fr\/actualite\/wp-json\/wp\/v2\/types\/page"}],"author":[{"embeddable":true,"href":"https:\/\/seinesaintdenis.fr\/actualite\/wp-json\/wp\/v2\/users\/1"}],"replies":[{"embeddable":true,"href":"https:\/\/seinesaintdenis.fr\/actualite\/wp-json\/wp\/v2\/comments?post=38"}],"version-history":[{"count":4,"href":"https:\/\/seinesaintdenis.fr\/actualite\/wp-json\/wp\/v2\/pages\/38\/revisions"}],"predecessor-version":[{"id":1801,"href":"https:\/\/seinesaintdenis.fr\/actualite\/wp-json\/wp\/v2\/pages\/38\/revisions\/1801"}],"wp:attachment":[{"href":"https:\/\/seinesaintdenis.fr\/actualite\/wp-json\/wp\/v2\/media?parent=38"}],"curies":[{"name":"wp","href":"https:\/\/api.w.org\/{rel}","templated":true}]}}